{"id":2,"date":"2025-11-13T17:14:00","date_gmt":"2025-11-13T22:14:00","guid":{"rendered":"https:\/\/blog.naboo10.fatla.me\/wordpress\/?page_id=2"},"modified":"2025-11-13T17:21:28","modified_gmt":"2025-11-13T22:21:28","slug":"pagina-ejemplo","status":"publish","type":"page","link":"https:\/\/blog.naboo10.fatla.me\/wordpress\/pagina-ejemplo\/","title":{"rendered":"Luis Hern\u00e1ndez"},"content":{"rendered":"\n<figure class=\"wp-block-image size-full\"><img loading=\"lazy\" decoding=\"async\" width=\"256\" height=\"341\" src=\"https:\/\/blog.naboo10.fatla.me\/wordpress\/wp-content\/uploads\/2025\/11\/luis-hernandez.jpg\" alt=\"\" class=\"wp-image-8\" srcset=\"https:\/\/blog.naboo10.fatla.me\/wordpress\/wp-content\/uploads\/2025\/11\/luis-hernandez.jpg 256w, https:\/\/blog.naboo10.fatla.me\/wordpress\/wp-content\/uploads\/2025\/11\/luis-hernandez-225x300.jpg 225w\" sizes=\"auto, (max-width: 256px) 100vw, 256px\" \/><\/figure>\n\n\n\n<h2 class=\"wp-block-heading\">(Asesor Virtual)<\/h2>\n\n\n\n<p>Luis Hern\u00e1ndez es un profesional nacido en <strong>1983<\/strong> en <strong>Carchi, Ecuador<\/strong>, que se desempe\u00f1a como <strong>Asesor Virtual de Educaci\u00f3n en L\u00ednea<\/strong> en el Instituto \u00abCordillera\u00bb.<\/p>\n\n\n\n<h3 class=\"wp-block-heading\">Experiencia Profesional<\/h3>\n\n\n\n<ul class=\"wp-block-list\">\n<li><strong>Rol Actual:<\/strong> Asesor Virtual, encargado de la administraci\u00f3n de la plataforma Moodle del Instituto Cordillera, incluyendo la creaci\u00f3n y dise\u00f1o de cursos interactivos desde el a\u00f1o 2023.<\/li>\n\n\n\n<li><strong>Funciones Adicionales:<\/strong> Implementaci\u00f3n de contenido interactivo, matriculaci\u00f3n de estudiantes y asignaci\u00f3n de permisos a la planta docente y estudiantes seg\u00fan su rol.<\/li>\n\n\n\n<li><strong>Experiencia Laboral en el Instituto Cordillera:<\/strong>\n<ul class=\"wp-block-list\">\n<li>Atenci\u00f3n servicios estudiantiles (2014-2021)<\/li>\n\n\n\n<li>Asistente de la unidad de proyectos (2021-2023)<\/li>\n\n\n\n<li>Asesor virtual (2023 &#8211; actualidad)<\/li>\n<\/ul>\n<\/li>\n<\/ul>\n\n\n\n<h3 class=\"wp-block-heading\">Estudios y Capacitaci\u00f3n<\/h3>\n\n\n\n<ul class=\"wp-block-list\">\n<li><strong>Estudios Formales:<\/strong>\n<ul class=\"wp-block-list\">\n<li>Tecn\u00f3logo en An\u00e1lisis de Sistemas &#8211; Instituto Tecnol\u00f3gico Universitario Cordillera (2010-2014).<\/li>\n\n\n\n<li>Mag\u00edster en Gesti\u00f3n e Innovaci\u00f3n Educativa &#8211; Iexe Universidad de M\u00e9xico (2022-2024).<\/li>\n<\/ul>\n<\/li>\n\n\n\n<li><strong>Cursos y Capacitaci\u00f3n:<\/strong>\n<ul class=\"wp-block-list\">\n<li>Experto en administraci\u00f3n Moodle &#8211; FATLA.<\/li>\n\n\n\n<li>Herramientas NTIC aplicadas a la formaci\u00f3n &#8211; SENA.<\/li>\n\n\n\n<li>Herramientas TIC para la creaci\u00f3n de recursos did\u00e1cticos &#8211; SENA.<\/li>\n\n\n\n<li>Calidad en el servicio y mejora continua &#8211; IEXE Universidad.<\/li>\n<\/ul>\n<\/li>\n<\/ul>\n\n\n\n<p>Su trabajo se centra en el uso de herramientas de tecnolog\u00eda de la informaci\u00f3n y comunicaci\u00f3n (TIC) para la educaci\u00f3n, con un enfoque en la creaci\u00f3n de <strong>recursos interactivos H5P<\/strong>.<\/p>\n\n\n\n<p><\/p>\n","protected":false},"excerpt":{"rendered":"<p>(Asesor Virtual) Luis Hern\u00e1ndez es un profesional nacido en 1983 en Carchi, Ecuador, que se desempe\u00f1a como Asesor Virtual de Educaci\u00f3n en L\u00ednea en el Instituto \u00abCordillera\u00bb. Experiencia Profesional Estudios y Capacitaci\u00f3n Su trabajo se centra en el uso de herramientas de tecnolog\u00eda de la informaci\u00f3n y comunicaci\u00f3n (TIC) para <a class=\"read-more\" href=\"https:\/\/blog.naboo10.fatla.me\/wordpress\/pagina-ejemplo\/\">Read More<\/a><\/p>\n","protected":false},"author":1,"featured_media":0,"parent":0,"menu_order":0,"comment_status":"closed","ping_status":"open","template":"","meta":{"footnotes":""},"class_list":["post-2","page","type-page","status-publish","hentry"],"_links":{"self":[{"href":"https:\/\/blog.naboo10.fatla.me\/wordpress\/wp-json\/wp\/v2\/pages\/2","targetHints":{"allow":["GET"]}}],"collection":[{"href":"https:\/\/blog.naboo10.fatla.me\/wordpress\/wp-json\/wp\/v2\/pages"}],"about":[{"href":"https:\/\/blog.naboo10.fatla.me\/wordpress\/wp-json\/wp\/v2\/types\/page"}],"author":[{"embeddable":true,"href":"https:\/\/blog.naboo10.fatla.me\/wordpress\/wp-json\/wp\/v2\/users\/1"}],"replies":[{"embeddable":true,"href":"https:\/\/blog.naboo10.fatla.me\/wordpress\/wp-json\/wp\/v2\/comments?post=2"}],"version-history":[{"count":3,"href":"https:\/\/blog.naboo10.fatla.me\/wordpress\/wp-json\/wp\/v2\/pages\/2\/revisions"}],"predecessor-version":[{"id":9,"href":"https:\/\/blog.naboo10.fatla.me\/wordpress\/wp-json\/wp\/v2\/pages\/2\/revisions\/9"}],"wp:attachment":[{"href":"https:\/\/blog.naboo10.fatla.me\/wordpress\/wp-json\/wp\/v2\/media?parent=2"}],"curies":[{"name":"wp","href":"https:\/\/api.w.org\/{rel}","templated":true}]}}